{"id":167,"date":"2024-07-20T07:52:55","date_gmt":"2024-07-20T07:52:55","guid":{"rendered":"https:\/\/bufalos-unidos.co.mz\/?page_id=167"},"modified":"2024-07-27T18:47:55","modified_gmt":"2024-07-27T18:47:55","slug":"acerca","status":"publish","type":"page","link":"https:\/\/bufalos-unidos.co.mz\/?page_id=167","title":{"rendered":"Acerca"},"content":{"rendered":"\t\t<div data-elementor-type=\"wp-page\" data-elementor-id=\"167\" class=\"elementor elementor-167\">\n\t\t\t\t<div class=\"elementor-element elementor-element-cSC9nAV e-flex e-con-boxed e-con e-parent\" data-id=\"cSC9nAV\" data-element_type=\"container\">\n\t\t\t\t\t<div class=\"e-con-inner\">\n\t\t<div class=\"elementor-element elementor-element-oJiQVzL e-con-full e-flex e-con e-child\" data-id=\"oJiQVzL\" data-element_type=\"container\">\n\t\t\t\t<div class=\"elementor-element elementor-element-VlAuEYP elementor-widget elementor-widget-heading\" data-id=\"VlAuEYP\" data-element_type=\"widget\" data-widget_type=\"heading.default\">\n\t\t\t\t<div class=\"elementor-widget-container\">\n\t\t\t<h2 class=\"elementor-heading-title elementor-size-default\">A hist\u00f3ria e conquistas da nossa cooperativa<\/h2>\t\t<\/div>\n\t\t\t\t<\/div>\n\t\t\t\t<div class=\"elementor-element elementor-element-rJ8epPr elementor-widget elementor-widget-text-editor\" data-id=\"rJ8epPr\" data-element_type=\"widget\" data-widget_type=\"text-editor.default\">\n\t\t\t\t<div class=\"elementor-widget-container\">\n\t\t\t\t\t\t\t<p>A Cooperativa agro &#8211; pecu\u00e1ria B\u00daFALOS UNIDOS \u00e9 uma pessoa jur\u00eddica de direito privado, dotada de personalidade jur\u00eddica e de autonomia administrativa, financeira e patrimonial.<\/p><p>A cooperativa tem a sua sede na localidade de Nwachicoluane, distrito de Ch\u00f3kw\u00e9, prov\u00edncia de Gaza, bairro 05, podendo por delibera\u00e7\u00e3o da Assembleia Geral, sob proposta do Conselho de Administra\u00e7\u00e3o, criar sucursais noutras localidades, bem como transferir para outro ponto.<\/p><p>Difundida em todo o distrito, a cooperativa tem dura\u00e7\u00e3o indeterminada e pode expandir-se para outros pontos do pa\u00eds se a Assembleia Geral assim o decidir.<\/p>\t\t\t\t\t\t<\/div>\n\t\t\t\t<\/div>\n\t\t\t\t<div class=\"elementor-element elementor-element-14zlqNY elementor-widget elementor-widget-image\" data-id=\"14zlqNY\" data-element_type=\"widget\" data-widget_type=\"image.default\">\n\t\t\t\t<div class=\"elementor-widget-container\">\n\t\t\t\t\t\t\t\t\t\t\t\t\t<img fetchpriority=\"high\" decoding=\"async\" width=\"1350\" height=\"667\" src=\"https:\/\/bufalos-unidos.co.mz\/wp-content\/uploads\/2024\/07\/acerca.jpg\" class=\"attachment-full size-full wp-image-338\" alt=\"\" \/>\t\t\t\t\t\t\t\t\t\t\t\t\t<\/div>\n\t\t\t\t<\/div>\n\t\t\t\t<\/div>\n\t\t<div class=\"elementor-element elementor-element-pkrPbef e-con-full e-flex e-con e-child\" data-id=\"pkrPbef\" data-element_type=\"container\">\n\t\t<div class=\"elementor-element elementor-element-3vL9rBY e-con-full e-flex e-con e-child\" data-id=\"3vL9rBY\" data-element_type=\"container\">\n\t\t\t\t<div class=\"elementor-element elementor-element-mnMlgtK elementor-widget elementor-widget-heading\" data-id=\"mnMlgtK\" data-element_type=\"widget\" data-widget_type=\"heading.default\">\n\t\t\t\t<div class=\"elementor-widget-container\">\n\t\t\t<h2 class=\"elementor-heading-title elementor-size-default\">Data da cria\u00e7\u00e3o<\/h2>\t\t<\/div>\n\t\t\t\t<\/div>\n\t\t\t\t<div class=\"elementor-element elementor-element-nioPpl7 elementor-widget elementor-widget-text-editor\" data-id=\"nioPpl7\" data-element_type=\"widget\" data-widget_type=\"text-editor.default\">\n\t\t\t\t<div class=\"elementor-widget-container\">\n\t\t\t\t\t\t\t<p><span class=\"jCAhz ChMk0b\"><span class=\"ryNqvb\">A B\u00daFALOS UNIDOS foi criada em 14.06.2023 (14 de junho de dois mil e vinte e tr\u00eas), na localidade de wachicoluane, e registrada em 21.06.2023 (vinte e um de dois mil e vinte e tr\u00eas), Pessoas Jur\u00eddicas<\/span><\/span> <span class=\"jCAhz ChMk0b\"><span class=\"ryNqvb\">Conservat\u00f3ria do Registo Civil, n\u00famero 105005283, n\u00famero NUIT 401 594 043, licen\u00e7a n\u00famero 0017\/15\/02\/AG\/2023, como sociedade por quotas, denominada Cooperativa agro-pecu\u00e1ria b\u00fafalos unidos, Limitada, abreviadamente BUFALOS UNIDOS, Lda.<\/span><\/span><\/p>\t\t\t\t\t\t<\/div>\n\t\t\t\t<\/div>\n\t\t\t\t<\/div>\n\t\t\t\t<\/div>\n\t\t\t\t\t<\/div>\n\t\t\t\t<\/div>\n\t\t<div class=\"elementor-element elementor-element-f92954a e-flex e-con-boxed e-con e-parent\" data-id=\"f92954a\" data-element_type=\"container\">\n\t\t\t\t\t<div class=\"e-con-inner\">\n\t\t\t\t<div class=\"elementor-element elementor-element-f4d4b4e elementor-widget elementor-widget-heading\" data-id=\"f4d4b4e\" data-element_type=\"widget\" data-widget_type=\"heading.default\">\n\t\t\t\t<div class=\"elementor-widget-container\">\n\t\t\t<h4 class=\"elementor-heading-title elementor-size-default\">ESTRUTURA INSTITUCIONAL<\/h4>\t\t<\/div>\n\t\t\t\t<\/div>\n\t\t\t\t\t<\/div>\n\t\t\t\t<\/div>\n\t\t<div class=\"elementor-element elementor-element-4724990 e-flex e-con-boxed e-con e-parent\" data-id=\"4724990\" data-element_type=\"container\">\n\t\t\t\t\t<div class=\"e-con-inner\">\n\t\t<div class=\"elementor-element elementor-element-3fcc545 e-con-full e-flex e-con e-child\" data-id=\"3fcc545\" data-element_type=\"container\">\n\t\t\t\t<div class=\"elementor-element elementor-element-5df327c elementor-widget elementor-widget-image\" data-id=\"5df327c\" data-element_type=\"widget\" data-widget_type=\"image.default\">\n\t\t\t\t<div class=\"elementor-widget-container\">\n\t\t\t\t\t\t\t\t\t\t\t\t\t<img decoding=\"async\" width=\"812\" height=\"309\" src=\"https:\/\/bufalos-unidos.co.mz\/wp-content\/uploads\/2024\/07\/orgaos-sociais.jpg\" class=\"attachment-large size-large wp-image-426\" alt=\"\" \/>\t\t\t\t\t\t\t\t\t\t\t\t\t<\/div>\n\t\t\t\t<\/div>\n\t\t\t\t<\/div>\n\t\t<div class=\"elementor-element elementor-element-f18ac31 e-con-full e-flex e-con e-child\" data-id=\"f18ac31\" data-element_type=\"container\">\n\t\t\t\t<div class=\"elementor-element elementor-element-e987216 elementor-position-left elementor-view-default elementor-mobile-position-top elementor-vertical-align-top elementor-widget elementor-widget-icon-box\" data-id=\"e987216\" data-element_type=\"widget\" data-widget_type=\"icon-box.default\">\n\t\t\t\t<div class=\"elementor-widget-container\">\n\t\t\t\t\t<div class=\"elementor-icon-box-wrapper\">\n\n\t\t\t\t\t\t<div class=\"elementor-icon-box-icon\">\n\t\t\t\t<span  class=\"elementor-icon elementor-animation-\">\n\t\t\t\t<svg aria-hidden=\"true\" class=\"e-font-icon-svg e-fas-laptop-house\" viewBox=\"0 0 640 512\" xmlns=\"http:\/\/www.w3.org\/2000\/svg\"><path d=\"M272,288H208a16,16,0,0,1-16-16V208a16,16,0,0,1,16-16h64a16,16,0,0,1,16,16v37.12C299.11,232.24,315,224,332.8,224H469.74l6.65-7.53A16.51,16.51,0,0,0,480,207a16.31,16.31,0,0,0-4.75-10.61L416,144V48a16,16,0,0,0-16-16H368a16,16,0,0,0-16,16V87.3L263.5,8.92C258,4,247.45,0,240.05,0s-17.93,4-23.47,8.92L4.78,196.42A16.15,16.15,0,0,0,0,207a16.4,16.4,0,0,0,3.55,9.39L22.34,237.7A16.22,16.22,0,0,0,33,242.48,16.51,16.51,0,0,0,42.34,239L64,219.88V384a32,32,0,0,0,32,32H272ZM629.33,448H592V288c0-17.67-12.89-32-28.8-32H332.8c-15.91,0-28.8,14.33-28.8,32V448H266.67A10.67,10.67,0,0,0,256,458.67v10.66A42.82,42.82,0,0,0,298.6,512H597.4A42.82,42.82,0,0,0,640,469.33V458.67A10.67,10.67,0,0,0,629.33,448ZM544,448H352V304H544Z\"><\/path><\/svg>\t\t\t\t<\/span>\n\t\t\t<\/div>\n\t\t\t\n\t\t\t\t\t\t<div class=\"elementor-icon-box-content\">\n\n\t\t\t\t\t\t\t\t\t<h4 class=\"elementor-icon-box-title\">\n\t\t\t\t\t\t<span  >\n\t\t\t\t\t\t\tOs \u00f3rg\u00e3os sociais da cooperativa s\u00e3o:\t\t\t\t\t\t<\/span>\n\t\t\t\t\t<\/h4>\n\t\t\t\t\n\t\t\t\t\t\t\t\t\t<p class=\"elementor-icon-box-description\">\n\t\t\t\t\t\t<br>Assembleia geral;<br>\nMesa da Assembleia Geral;<br>\nConselho de Administra\u00e7\u00e3o e<br>\nConselho Fiscal.\t\t\t\t\t<\/p>\n\t\t\t\t\n\t\t\t<\/div>\n\t\t\t\n\t\t<\/div>\n\t\t\t\t<\/div>\n\t\t\t\t<\/div>\n\t\t\t\t<\/div>\n\t\t\t\t\t<\/div>\n\t\t\t\t<\/div>\n\t\t<div class=\"elementor-element elementor-element-f4bfda7 e-flex e-con-boxed e-con e-parent\" data-id=\"f4bfda7\" data-element_type=\"container\">\n\t\t\t\t\t<div class=\"e-con-inner\">\n\t\t\t\t<div class=\"elementor-element elementor-element-04d3990 elementor-widget elementor-widget-text-editor\" data-id=\"04d3990\" data-element_type=\"widget\" data-widget_type=\"text-editor.default\">\n\t\t\t\t<div class=\"elementor-widget-container\">\n\t\t\t\t\t\t\t<p><span class=\"jCAhz ChMk0b\"><span class=\"ryNqvb\">\u00c9 gerido e administrado por um Conselho de Administra\u00e7\u00e3o.<\/span><\/span> <span class=\"jCAhz ChMk0b\"><span class=\"ryNqvb\">Os seus membros exercem conjuntamente poderes de representa\u00e7\u00e3o e fica vinculado pelas assinaturas conjuntas de dois membros do Conselho de Administra\u00e7\u00e3o, salvo nos atos de mero expediente em que bastar\u00e1 uma \u00fanica assinatura.<\/span><\/span><\/p>\t\t\t\t\t\t<\/div>\n\t\t\t\t<\/div>\n\t\t\t\t\t<\/div>\n\t\t\t\t<\/div>\n\t\t<div class=\"elementor-element elementor-element-61b44b4 e-flex e-con-boxed e-con e-parent\" data-id=\"61b44b4\" data-element_type=\"container\">\n\t\t\t\t\t<div class=\"e-con-inner\">\n\t\t<div class=\"elementor-element elementor-element-d0f1c87 e-con-full e-flex e-con e-child\" data-id=\"d0f1c87\" data-element_type=\"container\">\n\t\t\t\t<div class=\"elementor-element elementor-element-2ae61f3 elementor-position-top elementor-widget elementor-widget-image-box\" data-id=\"2ae61f3\" data-element_type=\"widget\" data-widget_type=\"image-box.default\">\n\t\t\t\t<div class=\"elementor-widget-container\">\n\t\t\t<div class=\"elementor-image-box-wrapper\"><figure class=\"elementor-image-box-img\"><img decoding=\"async\" width=\"252\" height=\"252\" src=\"https:\/\/bufalos-unidos.co.mz\/wp-content\/uploads\/2024\/07\/visao-252.png\" class=\"attachment-full size-full wp-image-497\" alt=\"\" \/><\/figure><div class=\"elementor-image-box-content\"><h3 class=\"elementor-image-box-title\">Vis\u00e3o<\/h3><p class=\"elementor-image-box-description\">Ser uma refer\u00eancia na produ\u00e7\u00e3o e fornecimento de produtos agr\u00edcolas de qualidade na cadeia de valor do agroneg\u00f3cio e na presta\u00e7\u00e3o de servi\u00e7os agr\u00edcolas que alavanquem a tecnologia e o capital humano em Mo\u00e7ambique.<\/p><\/div><\/div>\t\t<\/div>\n\t\t\t\t<\/div>\n\t\t\t\t<\/div>\n\t\t<div class=\"elementor-element elementor-element-dba0de4 e-con-full e-flex e-con e-child\" data-id=\"dba0de4\" data-element_type=\"container\">\n\t\t\t\t<div class=\"elementor-element elementor-element-9dc02ad elementor-position-top elementor-widget elementor-widget-image-box\" data-id=\"9dc02ad\" data-element_type=\"widget\" data-widget_type=\"image-box.default\">\n\t\t\t\t<div class=\"elementor-widget-container\">\n\t\t\t<div class=\"elementor-image-box-wrapper\"><figure class=\"elementor-image-box-img\"><img loading=\"lazy\" decoding=\"async\" width=\"252\" height=\"252\" src=\"https:\/\/bufalos-unidos.co.mz\/wp-content\/uploads\/2024\/07\/missao-252.png\" class=\"attachment-full size-full wp-image-503\" alt=\"\" \/><\/figure><div class=\"elementor-image-box-content\"><h3 class=\"elementor-image-box-title\">Miss\u00e3o<\/h3><p class=\"elementor-image-box-description\">Alimentar a vida inovando na produ\u00e7\u00e3o agr\u00edcola e na mecaniza\u00e7\u00e3o para fortalecer a sustentabilidade do agroneg\u00f3cio, garantindo o fornecimento de produtos agr\u00edcolas de qualidade, acess\u00edveis, eficientes e eficazes que melhorem a qualidade de vida e o meio ambiente.<\/p><\/div><\/div>\t\t<\/div>\n\t\t\t\t<\/div>\n\t\t\t\t<\/div>\n\t\t<div class=\"elementor-element elementor-element-1da916b e-con-full e-flex e-con e-child\" data-id=\"1da916b\" data-element_type=\"container\">\n\t\t\t\t<div class=\"elementor-element elementor-element-6dd15bd elementor-position-top elementor-widget elementor-widget-image-box\" data-id=\"6dd15bd\" data-element_type=\"widget\" data-widget_type=\"image-box.default\">\n\t\t\t\t<div class=\"elementor-widget-container\">\n\t\t\t<div class=\"elementor-image-box-wrapper\"><figure class=\"elementor-image-box-img\"><img loading=\"lazy\" decoding=\"async\" width=\"252\" height=\"252\" src=\"https:\/\/bufalos-unidos.co.mz\/wp-content\/uploads\/2024\/07\/valores-252.png\" class=\"attachment-full size-full wp-image-522\" alt=\"\" \/><\/figure><div class=\"elementor-image-box-content\"><h3 class=\"elementor-image-box-title\">Valores<\/h3><p class=\"elementor-image-box-description\">Os valores defendidos pela B\u00daFALOS UNIDOS prov\u00eam da inspira\u00e7\u00e3o e dos ideais partilhados por todos os seus membros fundadores para o desenvolvimento agr\u00edcola do Regadio do Ch\u00f3kw\u00e9, nomeadamente:<\/p><\/div><\/div>\t\t<\/div>\n\t\t\t\t<\/div>\n\t\t\t\t<\/div>\n\t\t\t\t\t<\/div>\n\t\t\t\t<\/div>\n\t\t\t\t<\/div>\n\t\t","protected":false},"excerpt":{"rendered":"<p>A hist\u00f3ria e conquistas da nossa cooperativa A Cooperativa agro &#8211; pecu\u00e1ria B\u00daFALOS UNIDOS \u00e9 uma pessoa jur\u00eddica de direito privado, dotada de personalidade jur\u00eddica e de autonomia administrativa, financeira e patrimonial. A cooperativa tem a sua sede na localidade de Nwachicoluane, distrito de Ch\u00f3kw\u00e9, prov\u00edncia de Gaza, bairro 05, podendo por delibera\u00e7\u00e3o da Assembleia [&hellip;]<\/p>\n","protected":false},"author":1,"featured_media":0,"parent":0,"menu_order":0,"comment_status":"closed","ping_status":"closed","template":"elementor_header_footer","meta":{"footnotes":""},"class_list":["post-167","page","type-page","status-publish","hentry"],"_links":{"self":[{"href":"https:\/\/bufalos-unidos.co.mz\/index.php?rest_route=\/wp\/v2\/pages\/167","targetHints":{"allow":["GET"]}}],"collection":[{"href":"https:\/\/bufalos-unidos.co.mz\/index.php?rest_route=\/wp\/v2\/pages"}],"about":[{"href":"https:\/\/bufalos-unidos.co.mz\/index.php?rest_route=\/wp\/v2\/types\/page"}],"author":[{"embeddable":true,"href":"https:\/\/bufalos-unidos.co.mz\/index.php?rest_route=\/wp\/v2\/users\/1"}],"replies":[{"embeddable":true,"href":"https:\/\/bufalos-unidos.co.mz\/index.php?rest_route=%2Fwp%2Fv2%2Fcomments&post=167"}],"version-history":[{"count":0,"href":"https:\/\/bufalos-unidos.co.mz\/index.php?rest_route=\/wp\/v2\/pages\/167\/revisions"}],"wp:attachment":[{"href":"https:\/\/bufalos-unidos.co.mz\/index.php?rest_route=%2Fwp%2Fv2%2Fmedia&parent=167"}],"curies":[{"name":"wp","href":"https:\/\/api.w.org\/{rel}","templated":true}]}}